{"id":17841,"date":"2024-12-30T09:20:27","date_gmt":"2024-12-30T08:20:27","guid":{"rendered":"https:\/\/biokteca.com\/politica-privacidad\/"},"modified":"2025-02-25T20:58:29","modified_gmt":"2025-02-25T19:58:29","slug":"politique-de-confidentialite","status":"publish","type":"page","link":"https:\/\/biokteca.com\/fr\/politique-de-confidentialite\/","title":{"rendered":"POLITIQUE DE CONFIDENTIALIT\u00c9"},"content":{"rendered":"\t\t<div data-elementor-type=\"wp-page\" data-elementor-id=\"17841\" class=\"elementor elementor-17841 elementor-16564\">\n\t\t\t\t<div class=\"elementor-element elementor-element-e114a86 e-flex e-con-boxed e-con e-parent\" data-id=\"e114a86\" data-element_type=\"container\" data-settings=\"{&quot;background_background&quot;:&quot;classic&quot;,&quot;wcf_enable_cursor_hover_effect_text&quot;:&quot;View&quot;,&quot;wcf-animation&quot;:&quot;none&quot;}\">\n\t\t\t\t\t<div class=\"e-con-inner\">\n\t\t<div class=\"elementor-element elementor-element-c547822 e-con-full e-flex e-con e-child\" data-id=\"c547822\" data-element_type=\"container\" data-settings=\"{&quot;wcf_enable_cursor_hover_effect_text&quot;:&quot;View&quot;,&quot;wcf-animation&quot;:&quot;none&quot;}\">\n\t\t\t\t<div class=\"elementor-element elementor-element-358a81d wcf-t-animation-none elementor-widget elementor-widget-wcf--title\" data-id=\"358a81d\" data-element_type=\"widget\" data-settings=\"{&quot;wcf-animation&quot;:&quot;fade&quot;,&quot;data-duration&quot;:0.75,&quot;fade-offset&quot;:40,&quot;wcf_text_animation&quot;:&quot;none&quot;,&quot;delay&quot;:0.15,&quot;fade-from&quot;:&quot;bottom&quot;,&quot;ease&quot;:&quot;power2.out&quot;}\" data-widget_type=\"wcf--title.default\">\n\t\t\t\t<div class=\"elementor-widget-container\">\n\t\t\t<h2 class=\"wcf--title\">Legal Konexio Biotech<\/h2>\t\t<\/div>\n\t\t\t\t<\/div>\n\t\t\t\t<div class=\"elementor-element elementor-element-7eff945 elementor-widget-laptop__width-initial elementor-widget-tablet_extra__width-initial elementor-widget-mobile__width-inherit wcf-t-animation-none elementor-widget elementor-widget-wcf--title\" data-id=\"7eff945\" data-element_type=\"widget\" data-settings=\"{&quot;wcf-animation&quot;:&quot;fade&quot;,&quot;data-duration&quot;:0.75,&quot;fade-offset&quot;:40,&quot;wcf_text_animation&quot;:&quot;none&quot;,&quot;delay&quot;:0.15,&quot;fade-from&quot;:&quot;bottom&quot;,&quot;ease&quot;:&quot;power2.out&quot;}\" data-widget_type=\"wcf--title.default\">\n\t\t\t\t<div class=\"elementor-widget-container\">\n\t\t\t<h2 class=\"wcf--title\">Politique de confidentialit\u00e9<\/h2>\t\t<\/div>\n\t\t\t\t<\/div>\n\t\t\t\t<\/div>\n\t\t\t\t\t<\/div>\n\t\t\t\t<\/div>\n\t\t<div class=\"elementor-element elementor-element-b842aea e-flex e-con-boxed e-con e-parent\" data-id=\"b842aea\" data-element_type=\"container\" data-settings=\"{&quot;wcf_enable_cursor_hover_effect_text&quot;:&quot;View&quot;,&quot;wcf-animation&quot;:&quot;none&quot;}\">\n\t\t\t\t\t<div class=\"e-con-inner\">\n\t\t\t\t<div class=\"elementor-element elementor-element-ff287db wcf-t-animation-none elementor-widget elementor-widget-text-editor\" data-id=\"ff287db\" data-element_type=\"widget\" data-settings=\"{&quot;wcf_text_animation&quot;:&quot;none&quot;,&quot;wcf-animation&quot;:&quot;none&quot;}\" data-widget_type=\"text-editor.default\">\n\t\t\t\t<div class=\"elementor-widget-container\">\n\t\t\t\t\t\t\t<p><strong>Responsable \u2013 Qui est responsable du traitement des donn\u00e9es ?<\/strong><\/p><p>Identit\u00e9 : KONEXIO BIOTECH, S.L.<br \/>Si\u00e8ge social : C\/ Palmeras 21, 28701, San Sebasti\u00e1n de los Reyes MADRID<br \/>CIF : B44621233<br \/>Email : administracion@konexiobiotech.com<br \/>Nom de domaine : <a href=\"https:\/\/biokteca.com\/\">https:\/\/biokteca.com\/<\/a><\/p><p>\u00a0<\/p><p><strong>Objectifs \u2013 Pourquoi traitons-nous vos donn\u00e9es ?<\/strong><\/p><p>Conform\u00e9ment aux dispositions du R\u00e8glement Europ\u00e9en 2016\/679 relatif \u00e0 la protection des donn\u00e9es, nous vous informons que nous traiterons les donn\u00e9es que vous nous fournissez pour :<\/p><ul><li>G\u00e9rer la souscription aux services effectu\u00e9e via la Plateforme, ainsi que la facturation et la livraison correspondantes.<\/li><li>Vous envoyer p\u00e9riodiquement des communications sur les services, \u00e9v\u00e9nements et actualit\u00e9s relatifs aux activit\u00e9s men\u00e9es par KONEXIO BIOTECH, S.L., par tout moyen (t\u00e9l\u00e9phone, courrier postal ou e-mail), sauf indication contraire ou si l&rsquo;utilisateur s&rsquo;oppose ou r\u00e9voque son consentement.<\/li><li>Vous envoyer des informations commerciales et\/ou promotionnelles li\u00e9es au secteur des services souscrits et \u00e0 la valeur ajout\u00e9e pour les utilisateurs finaux, sauf indication contraire ou si l&rsquo;utilisateur s&rsquo;oppose ou r\u00e9voque son consentement.<\/li><li>Respecter les obligations l\u00e9gales \u00e9tablies, ainsi que v\u00e9rifier le respect des obligations contractuelles, y compris la pr\u00e9vention de la fraude.<\/li><li>C\u00e9der des donn\u00e9es aux organismes et autorit\u00e9s, lorsque cela est requis conform\u00e9ment aux dispositions l\u00e9gales et r\u00e9glementaires.<\/li><\/ul><p>\u00a0<\/p><p><strong>Cat\u00e9gories de donn\u00e9es \u2013 Quelles donn\u00e9es traitons-nous ?<\/strong><\/p><p>En raison des objectifs mentionn\u00e9s pr\u00e9c\u00e9demment, KONEXIO BIOTECH, S.L. traite les cat\u00e9gories de donn\u00e9es suivantes :<\/p><ul><li>Donn\u00e9es d&rsquo;identification<\/li><li>M\u00e9tadonn\u00e9es des communications \u00e9lectroniques<\/li><li>Donn\u00e9es d&rsquo;informations commerciales. Si l&rsquo;utilisateur fournit des donn\u00e9es de tiers, il d\u00e9clare disposer du consentement de ces derniers et s&rsquo;engage \u00e0 leur transmettre les informations contenues dans cette clause, exon\u00e9rant KONEXIO BIOTECH, S.L. de toute responsabilit\u00e9 \u00e0 cet \u00e9gard.<\/li><\/ul><p>Cependant, KONEXIO BIOTECH, S.L. peut effectuer des v\u00e9rifications pour confirmer ce fait, en prenant les mesures de diligence appropri\u00e9es, conform\u00e9ment \u00e0 la l\u00e9gislation sur la protection des donn\u00e9es.<\/p><p>\u00a0<\/p><p><strong>L\u00e9gitimit\u00e9 \u2013 Quelle est la l\u00e9gitimit\u00e9 pour le traitement de vos donn\u00e9es ?<\/strong><\/p><p>Le traitement des donn\u00e9es dont l&rsquo;objectif est l&rsquo;envoi de bulletins p\u00e9riodiques (newsletter) concernant les services, \u00e9v\u00e9nements et actualit\u00e9s li\u00e9s \u00e0 notre activit\u00e9 professionnelle est bas\u00e9 sur le consentement de la personne concern\u00e9e, express\u00e9ment demand\u00e9 pour effectuer ces traitements, conform\u00e9ment \u00e0 la l\u00e9gislation en vigueur.<br \/>De plus, la l\u00e9gitimit\u00e9 pour le traitement des donn\u00e9es li\u00e9es aux offres ou collaborations repose sur le consentement de l&rsquo;utilisateur qui soumet ses donn\u00e9es, qu&rsquo;il peut retirer \u00e0 tout moment, bien que cela puisse affecter la communication fluide et l&rsquo;obstruction des processus qu&rsquo;il souhaite r\u00e9aliser.<br \/>Enfin, les donn\u00e9es pourront \u00eatre utilis\u00e9es pour respecter les obligations l\u00e9gales applicables \u00e0 KONEXIO BIOTECH, S.L.<\/p><p>\u00a0<\/p><p><strong>Dur\u00e9e de conservation des donn\u00e9es \u2013 Combien de temps conserverons-nous vos donn\u00e9es ?<\/strong><\/p><p>KONEXIO BIOTECH, S.L. conservera les donn\u00e9es personnelles des utilisateurs uniquement pendant le temps n\u00e9cessaire \u00e0 la r\u00e9alisation des objectifs pour lesquels elles ont \u00e9t\u00e9 collect\u00e9es, tant que l&rsquo;utilisateur ne r\u00e9voque pas les consentements accord\u00e9s. Par la suite, si n\u00e9cessaire, elles seront conserv\u00e9es sous forme bloqu\u00e9e pendant les d\u00e9lais l\u00e9galement \u00e9tablis.<\/p><p>\u00a0<\/p><p><strong>Destinataires \u2013 \u00c0 quels destinataires vos donn\u00e9es seront-elles communiqu\u00e9es ?<\/strong><\/p><p>Vos donn\u00e9es pourront \u00eatre accessibles par les prestataires de services qui fournissent des services \u00e0 KONEXIO BIOTECH, S.L., tels que les services d&rsquo;h\u00e9bergement, les outils de marketing et les syst\u00e8mes de contenu ou d&rsquo;autres professionnels, lorsque cette communication est n\u00e9cessaire conform\u00e9ment \u00e0 la r\u00e9glementation, ou pour l&rsquo;ex\u00e9cution des services souscrits.<\/p><p>KONEXIO BIOTECH, S.L. a sign\u00e9 des contrats de traitement des donn\u00e9es avec chacun des prestataires de services afin de garantir que ces prestataires traiteront vos donn\u00e9es conform\u00e9ment \u00e0 la l\u00e9gislation en vigueur.<\/p><p>Les donn\u00e9es peuvent \u00e9galement \u00eatre transmises aux Forces et Corps de S\u00e9curit\u00e9 de l&rsquo;\u00c9tat dans les cas o\u00f9 une obligation l\u00e9gale existe.<\/p><p>Les banques et institutions financi\u00e8res, pour le paiement des services.<br \/>Les administrations publiques comp\u00e9tentes dans les secteurs d&rsquo;activit\u00e9, lorsque la r\u00e9glementation en vigueur l&rsquo;exige.<\/p><p>\u00a0<\/p><p><strong>S\u00e9curit\u00e9 de l&rsquo;information \u2013 Quelles mesures de s\u00e9curit\u00e9 avons-nous mises en place pour prot\u00e9ger vos donn\u00e9es ?<\/strong><\/p><p>Afin de prot\u00e9ger les diff\u00e9rentes cat\u00e9gories de donn\u00e9es refl\u00e9t\u00e9es dans cette politique de confidentialit\u00e9, des mesures de s\u00e9curit\u00e9 techniques n\u00e9cessaires sont mises en place pour \u00e9viter la perte, la manipulation, la diffusion ou l&rsquo;alt\u00e9ration de ces donn\u00e9es.<\/p><ul><li>Cryptage des communications entre le dispositif de l&rsquo;utilisateur et les serveurs de KONEXIO BIOTECH, S.L.<\/li><li>Cryptage des informations sur les serveurs de KONEXIO BIOTECH, S.L.<\/li><li>Autres mesures pour emp\u00eacher l&rsquo;acc\u00e8s aux donn\u00e9es de l&rsquo;utilisateur par des tiers.<\/li><\/ul><p>Dans les cas o\u00f9 KONEXIO BIOTECH, S.L. utilise des prestataires de services pour la maintenance de la plateforme situ\u00e9s en dehors de l&rsquo;Union Europ\u00e9enne, ces transferts internationaux sont r\u00e9gularis\u00e9s conform\u00e9ment \u00e0 l&rsquo;engagement de KONEXIO BIOTECH, S.L. en mati\u00e8re de protection, d&rsquo;int\u00e9grit\u00e9 et de s\u00e9curit\u00e9 des donn\u00e9es personnelles des utilisateurs.<\/p><p>\u00a0<\/p><p><strong>Droits \u2013 Quels sont vos droits lorsque vous nous fournissez vos donn\u00e9es et comment pouvez-vous les exercer ?<\/strong><\/p><p>Vous avez le droit d&rsquo;obtenir la confirmation que KONEXIO BIOTECH, S.L. traite ou non des donn\u00e9es personnelles vous concernant.<br \/>Vous avez \u00e9galement le droit d&rsquo;acc\u00e9der \u00e0 vos donn\u00e9es personnelles, ainsi que de demander la rectification des donn\u00e9es inexactes ou, le cas \u00e9ch\u00e9ant, de demander leur suppression lorsque, pour d&rsquo;autres raisons, les donn\u00e9es ne sont plus n\u00e9cessaires aux fins pour lesquelles elles ont \u00e9t\u00e9 collect\u00e9es.<\/p><p>Dans certaines circonstances, vous pourrez demander la limitation du traitement de vos donn\u00e9es, auquel cas nous ne les conserverons que pour l&rsquo;exercice ou la d\u00e9fense de r\u00e9clamations.<br \/>Dans certaines circonstances et pour des raisons li\u00e9es \u00e0 votre situation particuli\u00e8re, vous pourrez vous opposer au traitement de vos donn\u00e9es. KONEXIO BIOTECH, S.L. cessera de traiter les donn\u00e9es, sauf pour des motifs l\u00e9gitimes imp\u00e9rieux, ou pour l&rsquo;exercice ou la d\u00e9fense de r\u00e9clamations potentielles.<\/p><p>De plus, vous pouvez exercer votre droit \u00e0 la portabilit\u00e9 des donn\u00e9es et retirer les consentements fournis \u00e0 tout moment, sans que cela n&rsquo;affecte la l\u00e9galit\u00e9 du traitement bas\u00e9 sur le consentement avant son retrait.<\/p><p>Si vous souhaitez exercer l&rsquo;un de vos droits, vous pouvez vous adresser \u00e0 administracion@konexiobiotech.com<\/p><p>Enfin, nous vous informons que vous pouvez vous adresser \u00e0 l&rsquo;Agence Espagnole de Protection des Donn\u00e9es et autres organismes publics comp\u00e9tents pour toute r\u00e9clamation relative au traitement de vos donn\u00e9es personnelles.<\/p><p>\u00a0<\/p><p><strong>Modification de la politique de confidentialit\u00e9<\/strong><\/p><p>KONEXIO BIOTECH, S.L. pourra modifier cette politique de confidentialit\u00e9 \u00e0 tout moment, avec publication des versions successives sur le site web. Dans tous les cas, KONEXIO BIOTECH, S.L. informera \u00e0 l&rsquo;avance des modifications de la pr\u00e9sente politique affectant les utilisateurs afin qu&rsquo;ils puissent les accepter.<\/p><p>La pr\u00e9sente politique de confidentialit\u00e9 est \u00e0 jour au 01\/02\/2023 KONEXIO BIOTECH, S.L. (Espagne). Tous droits r\u00e9serv\u00e9s.<\/p><p>Si vous le souhaitez, vous pouvez \u00e9galement consulter notre <a href=\"https:\/\/biokteca.com\/fr\/politique-de-cookies\">Politique de Cookies<\/a>.<\/p>\t\t\t\t\t\t<\/div>\n\t\t\t\t<\/div>\n\t\t\t\t\t<\/div>\n\t\t\t\t<\/div>\n\t\t\t\t<\/div>\n\t\t","protected":false},"excerpt":{"rendered":"<p>Legal Konexio Biotech Politique de confidentialit\u00e9 Responsable \u2013 Qui est responsable du traitement des donn\u00e9es ? Identit\u00e9 : KONEXIO BIOTECH, S.L.Si\u00e8ge social : C\/ Palmeras 21, 28701, San Sebasti\u00e1n de los Reyes MADRIDCIF : B44621233Email : administracion@konexiobiotech.comNom de domaine : https:\/\/biokteca.com\/ \u00a0 Objectifs \u2013 Pourquoi traitons-nous vos donn\u00e9es ? Conform\u00e9ment aux dispositions du R\u00e8glement Europ\u00e9en [&hellip;]<\/p>\n","protected":false},"author":1,"featured_media":0,"parent":0,"menu_order":0,"comment_status":"closed","ping_status":"closed","template":"elementor_header_footer","meta":{"footnotes":""},"class_list":["post-17841","page","type-page","status-publish","hentry"],"_links":{"self":[{"href":"https:\/\/biokteca.com\/fr\/wp-json\/wp\/v2\/pages\/17841","targetHints":{"allow":["GET"]}}],"collection":[{"href":"https:\/\/biokteca.com\/fr\/wp-json\/wp\/v2\/pages"}],"about":[{"href":"https:\/\/biokteca.com\/fr\/wp-json\/wp\/v2\/types\/page"}],"author":[{"embeddable":true,"href":"https:\/\/biokteca.com\/fr\/wp-json\/wp\/v2\/users\/1"}],"replies":[{"embeddable":true,"href":"https:\/\/biokteca.com\/fr\/wp-json\/wp\/v2\/comments?post=17841"}],"version-history":[{"count":4,"href":"https:\/\/biokteca.com\/fr\/wp-json\/wp\/v2\/pages\/17841\/revisions"}],"predecessor-version":[{"id":18079,"href":"https:\/\/biokteca.com\/fr\/wp-json\/wp\/v2\/pages\/17841\/revisions\/18079"}],"wp:attachment":[{"href":"https:\/\/biokteca.com\/fr\/wp-json\/wp\/v2\/media?parent=17841"}],"curies":[{"name":"wp","href":"https:\/\/api.w.org\/{rel}","templated":true}]}}