{"id":17839,"date":"2024-12-30T09:13:06","date_gmt":"2024-12-30T08:13:06","guid":{"rendered":"https:\/\/biokteca.com\/politica-de-cookies\/"},"modified":"2025-02-25T21:02:29","modified_gmt":"2025-02-25T20:02:29","slug":"politique-de-cookies","status":"publish","type":"page","link":"https:\/\/biokteca.com\/fr\/politique-de-cookies\/","title":{"rendered":"Politique de Cookies"},"content":{"rendered":"\t\t<div data-elementor-type=\"wp-page\" data-elementor-id=\"17839\" class=\"elementor elementor-17839 elementor-16547\">\n\t\t\t\t<div class=\"elementor-element elementor-element-e114a86 e-flex e-con-boxed e-con e-parent\" data-id=\"e114a86\" data-element_type=\"container\" data-settings=\"{&quot;background_background&quot;:&quot;classic&quot;,&quot;wcf_enable_cursor_hover_effect_text&quot;:&quot;View&quot;,&quot;wcf-animation&quot;:&quot;none&quot;}\">\n\t\t\t\t\t<div class=\"e-con-inner\">\n\t\t<div class=\"elementor-element elementor-element-c547822 e-con-full e-flex e-con e-child\" data-id=\"c547822\" data-element_type=\"container\" data-settings=\"{&quot;wcf_enable_cursor_hover_effect_text&quot;:&quot;View&quot;,&quot;wcf-animation&quot;:&quot;none&quot;}\">\n\t\t\t\t<div class=\"elementor-element elementor-element-358a81d wcf-t-animation-none elementor-widget elementor-widget-wcf--title\" data-id=\"358a81d\" data-element_type=\"widget\" data-settings=\"{&quot;wcf-animation&quot;:&quot;fade&quot;,&quot;data-duration&quot;:0.75,&quot;fade-offset&quot;:40,&quot;wcf_text_animation&quot;:&quot;none&quot;,&quot;delay&quot;:0.15,&quot;fade-from&quot;:&quot;bottom&quot;,&quot;ease&quot;:&quot;power2.out&quot;}\" data-widget_type=\"wcf--title.default\">\n\t\t\t\t<div class=\"elementor-widget-container\">\n\t\t\t<h2 class=\"wcf--title\">Legal Konexio Biotech<\/h2>\t\t<\/div>\n\t\t\t\t<\/div>\n\t\t\t\t<div class=\"elementor-element elementor-element-7eff945 elementor-widget-laptop__width-initial elementor-widget-tablet_extra__width-initial elementor-widget-mobile__width-inherit wcf-t-animation-none elementor-widget elementor-widget-wcf--title\" data-id=\"7eff945\" data-element_type=\"widget\" data-settings=\"{&quot;wcf-animation&quot;:&quot;fade&quot;,&quot;data-duration&quot;:0.75,&quot;fade-offset&quot;:40,&quot;wcf_text_animation&quot;:&quot;none&quot;,&quot;delay&quot;:0.15,&quot;fade-from&quot;:&quot;bottom&quot;,&quot;ease&quot;:&quot;power2.out&quot;}\" data-widget_type=\"wcf--title.default\">\n\t\t\t\t<div class=\"elementor-widget-container\">\n\t\t\t<h2 class=\"wcf--title\">Politique de Cookies<\/h2>\t\t<\/div>\n\t\t\t\t<\/div>\n\t\t\t\t<\/div>\n\t\t\t\t\t<\/div>\n\t\t\t\t<\/div>\n\t\t<div class=\"elementor-element elementor-element-b842aea e-flex e-con-boxed e-con e-parent\" data-id=\"b842aea\" data-element_type=\"container\" data-settings=\"{&quot;wcf_enable_cursor_hover_effect_text&quot;:&quot;View&quot;,&quot;wcf-animation&quot;:&quot;none&quot;}\">\n\t\t\t\t\t<div class=\"e-con-inner\">\n\t\t\t\t<div class=\"elementor-element elementor-element-ff287db wcf-t-animation-none elementor-widget elementor-widget-text-editor\" data-id=\"ff287db\" data-element_type=\"widget\" data-settings=\"{&quot;wcf_text_animation&quot;:&quot;none&quot;,&quot;wcf-animation&quot;:&quot;none&quot;}\" data-widget_type=\"text-editor.default\">\n\t\t\t\t<div class=\"elementor-widget-container\">\n\t\t\t\t\t\t\t<p>Ce site web utilise des cookies tiers et propri\u00e9taires pour am\u00e9liorer votre exp\u00e9rience de navigation, vous permettre de partager du contenu sur les r\u00e9seaux sociaux et nous permettre d&rsquo;obtenir des statistiques sur les utilisateurs.<\/p><p>Vous pouvez emp\u00eacher le t\u00e9l\u00e9chargement des cookies en configurant votre navigateur afin d&rsquo;\u00e9viter leur stockage sur votre appareil.<\/p><p>En tant que propri\u00e9taire de ce site web, je vous informe que nous n\u2019utilisons aucune information personnelle provenant des cookies, seulement des statistiques g\u00e9n\u00e9rales de visites qui ne contiennent aucune donn\u00e9e personnelle.<\/p><p>Il est tr\u00e8s important que vous lisiez cette politique de cookies et que vous compreniez que si vous continuez \u00e0 naviguer, nous consid\u00e9rerons que vous acceptez leur utilisation.<\/p><p>Conform\u00e9ment aux termes de l\u2019article 22.2 de la Loi 34\/2002 sur les services de la soci\u00e9t\u00e9 de l&rsquo;information et le commerce \u00e9lectronique, si vous poursuivez votre navigation, vous consentez \u00e0 l&rsquo;utilisation de ces m\u00e9canismes.<\/p><p><strong>Entit\u00e9 Responsable<\/strong><br \/>L&rsquo;entit\u00e9 responsable de la collecte, du traitement et de l&rsquo;utilisation de vos donn\u00e9es personnelles, conform\u00e9ment \u00e0 la Loi sur la protection des donn\u00e9es personnelles, est le site web <a href=\"https:\/\/biokteca.com\/\">https:\/\/biokteca.com\/<\/a>, propri\u00e9t\u00e9 de KONEXIO BIOTECH, S.L. \u2013 C\/Palmeras 21, San Sebasti\u00e1n de los Reyes, MADRID.<\/p><p>\u00a0<\/p><p><strong>Que sont les cookies ?<\/strong><\/p><p>Les cookies sont un ensemble de donn\u00e9es qu\u2019un serveur d\u00e9pose dans le navigateur de l\u2019utilisateur afin de collecter des informations standard de connexion Internet et sur le comportement des visiteurs d\u2019un site web. En d&rsquo;autres termes, ce sont de petits fichiers texte stock\u00e9s sur le disque dur d\u2019un ordinateur qui permettent d\u2019identifier l\u2019utilisateur lorsqu&rsquo;il se reconnecte au site web. Leur objectif est d&rsquo;enregistrer la visite de l&rsquo;utilisateur et de sauvegarder certaines informations. Ils sont couramment utilis\u00e9s sur le web car ils permettent aux pages de fonctionner plus efficacement et d\u2019obtenir une plus grande personnalisation et une analyse du comportement des utilisateurs.<\/p><p>\u00a0<\/p><p><strong>Quels types de cookies existent ?<\/strong><\/p><p>Les cookies utilis\u00e9s sur notre site web sont des cookies de session et des cookies tiers. Ceux-ci nous permettent de stocker et d\u2019acc\u00e9der aux informations relatives \u00e0 la langue, au type de navigateur utilis\u00e9 et \u00e0 d\u2019autres caract\u00e9ristiques g\u00e9n\u00e9rales pr\u00e9d\u00e9finies par l\u2019utilisateur. De plus, ils nous permettent de suivre et d\u2019analyser l\u2019activit\u00e9 effectu\u00e9e par les utilisateurs afin d\u2019introduire des am\u00e9liorations et de fournir nos services de mani\u00e8re plus efficace et personnalis\u00e9e.<\/p><p>Selon leur dur\u00e9e, les cookies peuvent \u00eatre class\u00e9s en cookies de session ou cookies persistants :<\/p><ul><li><strong>Cookies de session :<\/strong> Expirent lorsque l\u2019utilisateur ferme le navigateur.<\/li><li><strong>Cookies persistants :<\/strong> Expirent une fois leur objectif atteint (par exemple, pour que l\u2019utilisateur reste identifi\u00e9 sur les services de KONEXIO BIOTECH, S.L.) ou lorsqu\u2019ils sont supprim\u00e9s manuellement.<\/li><\/ul><table><thead><tr><td><p><strong>Nom<\/strong><\/p><\/td><td><p><strong>Type<\/strong><\/p><\/td><td><p><strong>Expiration<\/strong><\/p><\/td><td><p><strong>Objectif<\/strong><\/p><\/td><td><p><strong>Classification<\/strong><\/p><\/td><\/tr><\/thead><tbody><tr><td><p>__utma<\/p><\/td><td><p>Tiers (Google Analytics)<\/p><\/td><td><p>2 ans<\/p><\/td><td><p>Utilis\u00e9 pour distinguer les utilisateurs et les sessions.<\/p><\/td><td><p>Non exempt<\/p><\/td><\/tr><tr><td><p>__utmb<\/p><\/td><td><p>Tiers (Google Analytics)<\/p><\/td><td><p>30 minutes<\/p><\/td><td><p>Utilis\u00e9 pour d\u00e9terminer les nouvelles sessions ou visites.<\/p><\/td><td><p>Non exempt<\/p><\/td><\/tr><tr><td><p>__utmc<\/p><\/td><td><p>Tiers (Google Analytics)<\/p><\/td><td><p>Fin de session<\/p><\/td><td><p>Configur\u00e9 pour \u00eatre utilis\u00e9 avec Urchin.<\/p><\/td><td><p>Non exempt<\/p><\/td><\/tr><tr><td><p>__utmz<\/p><\/td><td><p>Tiers (Google Analytics)<\/p><\/td><td><p>6 mois<\/p><\/td><td><p>Stocke l\u2019origine ou la campagne expliquant comment l\u2019utilisateur est arriv\u00e9 sur le site web.<\/p><\/td><td><p>Non exempt<\/p><\/td><\/tr><\/tbody><\/table><p>\u00a0<\/p><p><strong>Cookies de performance<\/strong><\/p><p>Ce type de cookie m\u00e9morise vos pr\u00e9f\u00e9rences pour les outils des services, afin que vous n\u2019ayez pas \u00e0 reconfigurer les services \u00e0 chaque visite. Exemples :<\/p><ul><li>R\u00e9glages de volume des lecteurs vid\u00e9o ou audio.<\/li><li>Vitesses de transmission vid\u00e9o compatibles avec votre navigateur.<\/li><li>Objets stock\u00e9s dans le \u201cpanier\u201d des services d\u2019e-commerce.<\/li><\/ul><p><strong>Cookies de g\u00e9olocalisation<\/strong><\/p><p>Ces cookies permettent de d\u00e9terminer dans quel pays vous vous trouvez lorsque vous demandez un service. Ils sont totalement anonymes et sont uniquement utilis\u00e9s pour adapter le contenu \u00e0 votre emplacement.<\/p><p>\u00a0<\/p><p><strong>Cookies d\u2019enregistrement<\/strong><\/p><p>Les cookies d\u2019enregistrement sont g\u00e9n\u00e9r\u00e9s lorsque l\u2019utilisateur s\u2019inscrit ou ouvre une session, et sont utilis\u00e9s pour l\u2019identifier dans les services avec les objectifs suivants :<\/p><ul><li>Maintenir l\u2019utilisateur identifi\u00e9, de sorte que s\u2019il ferme un service, le navigateur ou l\u2019ordinateur, puis revient, il reste identifi\u00e9 sans avoir \u00e0 se reconnecter. Cette fonctionnalit\u00e9 peut \u00eatre d\u00e9sactiv\u00e9e en cliquant sur [se d\u00e9connecter], ce qui supprimera le cookie et obligera l\u2019utilisateur \u00e0 se reconnecter lors de la prochaine visite.<\/li><li>V\u00e9rifier si l\u2019utilisateur est autoris\u00e9 \u00e0 acc\u00e9der \u00e0 certains services, comme participer \u00e0 un concours.<\/li><\/ul><p>Certains services peuvent \u00e9galement utiliser des connecteurs avec des r\u00e9seaux sociaux tels que Facebook ou Twitter. Lorsqu\u2019un utilisateur se connecte \u00e0 un service avec ses identifiants de r\u00e9seau social, il autorise ce r\u00e9seau \u00e0 stocker un cookie persistant qui m\u00e9morise son identit\u00e9 et lui donne acc\u00e8s aux services jusqu\u2019\u00e0 expiration. L\u2019utilisateur peut supprimer ce cookie et r\u00e9voquer l\u2019acc\u00e8s en mettant \u00e0 jour ses pr\u00e9f\u00e9rences sur le r\u00e9seau social concern\u00e9.<\/p><p>\u00a0<\/p><p><strong>Cookies analytiques<\/strong><\/p><p>Chaque fois qu\u2019un utilisateur visite un service, un outil tiers g\u00e9n\u00e8re un cookie analytique sur son appareil. Ce cookie, g\u00e9n\u00e9r\u00e9 uniquement lors de la visite, permet d\u2019identifier anonymement l\u2019utilisateur lors de ses futures visites sur les services de KONEXIO BIOTECH, S.L. Les objectifs principaux sont :<\/p><ul><li>Permettre l\u2019identification anonyme des utilisateurs en utilisant le cookie (qui identifie navigateurs et appareils, et non des personnes), afin de comptabiliser approximativement le nombre de visiteurs et leur tendance au fil du temps.<\/li><li>Identifier anonymement les contenus les plus consult\u00e9s afin de comprendre ce qui est le plus attractif pour les utilisateurs.<\/li><li>D\u00e9terminer si un utilisateur est nouveau ou s\u2019il a d\u00e9j\u00e0 visit\u00e9 le site.<\/li><\/ul><p><strong>Important :<\/strong> Sauf si l\u2019utilisateur s\u2019inscrit sur un service de KONEXIO BIOTECH, S.L., le cookie ne sera jamais associ\u00e9 \u00e0 aucune donn\u00e9e personnelle permettant de l\u2019identifier. Ces cookies sont exclusivement utilis\u00e9s \u00e0 des fins statistiques pour am\u00e9liorer l\u2019exp\u00e9rience utilisateur.<\/p><p>\u00a0<\/p><p><strong>Cookies publicitaires<\/strong><\/p><p>Ces cookies permettent d\u2019am\u00e9liorer les annonces affich\u00e9es \u00e0 chaque utilisateur anonyme des services de KONEXIO BIOTECH, S.L. Ils stockent des donn\u00e9es telles que :<\/p><ul><li>La dur\u00e9e ou la fr\u00e9quence d\u2019affichage des publicit\u00e9s.<\/li><li>Les interactions avec les publicit\u00e9s.<\/li><li>Les habitudes de navigation et le comportement de l\u2019utilisateur pour \u00e9tablir un profil publicitaire.<\/li><\/ul><p>Cela permet d\u2019afficher des annonces adapt\u00e9es aux int\u00e9r\u00eats de l\u2019utilisateur.<\/p><p>\u00a0<\/p><p><strong>Cookies publicitaires tiers<\/strong><\/p><p>En plus de la publicit\u00e9 g\u00e9r\u00e9e directement par KONEXIO BIOTECH, S.L., des annonceurs tiers peuvent diffuser des publicit\u00e9s via les services de KONEXIO BIOTECH, S.L. Ces tiers peuvent stocker des cookies envoy\u00e9s depuis les services de KONEXIO BIOTECH, S.L. sur les navigateurs des utilisateurs et acc\u00e9der aux informations stock\u00e9es.<\/p><p>Les entreprises g\u00e9n\u00e9rant ces cookies ont leurs propres politiques de confidentialit\u00e9. Actuellement, les sites de KONEXIO BIOTECH, S.L. utilisent la plateforme DoubleClick (Google) pour g\u00e9rer ces services. Plus d\u2019informations :<\/p><p><a href=\"https:\/\/policies.google.com\/technologies\/ads?hl=en-US\">https:\/\/policies.google.com\/technologies\/ads?hl=en-US<\/a>\u00a0y\u00a0<a href=\"https:\/\/policies.google.com\/technologies\/ads\">https:\/\/policies.google.com\/technologies\/ads<\/a><\/p><p>\u00a0<\/p><p><strong>Comment D\u00e9sactiver les Cookies sur Mon Navigateur ?<\/strong><\/p><p>Les diff\u00e9rents navigateurs peuvent \u00eatre configur\u00e9s pour avertir l\u2019utilisateur lors de la r\u00e9ception de cookies et, si souhait\u00e9, emp\u00eacher leur installation sur l\u2019appareil. De plus, l\u2019utilisateur peut consulter les cookies install\u00e9s sur son navigateur ainsi que leur date d\u2019expiration, et les supprimer si n\u00e9cessaire.<\/p><p>Pour plus d\u2019informations, consultez les instructions et les manuels de votre navigateur :<\/p><ul><li>Pour plus d\u2019informations sur la gestion des cookies dans <strong>Google Chrome<\/strong> : Support Google Chrome<\/li><li>Pour plus d\u2019informations sur la gestion des cookies dans <strong>Internet Explorer<\/strong> : <a href=\"http:\/\/windows.microsoft.com\/fr-fr\/windows-vista\/cookies-frequently-asked-questions\">Support Internet Explorer<\/a><\/li><li>Pour plus d\u2019informations sur la gestion des cookies dans <strong>Mozilla Firefox<\/strong> : <a href=\"http:\/\/support.mozilla.org\/fr\/kb\/activer-desactiver-cookies\">Support Mozilla<\/a><\/li><li>Pour plus d\u2019informations sur la gestion des cookies dans <strong>Safari<\/strong> : <a href=\"http:\/\/www.apple.com\/fr\/privacy\/use-of-cookies\/\">Support Apple<\/a><\/li><li>Pour plus d\u2019informations sur la gestion des cookies dans <strong>Opera<\/strong> : Support Opera<\/li><\/ul><p>Si vous souhaitez emp\u00eacher le suivi par <strong>Google Analytics<\/strong>, visitez : <a href=\"http:\/\/tools.google.com\/dlpage\/gaoptout\">Google Analytics Opt-out<\/a><\/p><p>\u00a0<\/p><p><strong>En Savoir Plus sur les Cookies<\/strong><\/p><p>Vous pouvez obtenir plus d\u2019informations sur la publicit\u00e9 en ligne bas\u00e9e sur le comportement et la confidentialit\u00e9 en ligne via le lien suivant : Your Online Choices<\/p><ul><li><strong>Protection des Donn\u00e9es Google Analytics<\/strong> : <a href=\"http:\/\/www.google.com\/analytics\/learn\/privacy.html\">Confidentialit\u00e9 Google Analytics<\/a><\/li><li><strong>Utilisation des Cookies par Google Analytics<\/strong> : Google Developers<\/li><\/ul><p>\u00a0<\/p><p><strong>Mises \u00e0 Jour et Modifications de la Politique de Confidentialit\u00e9\/Cookies<\/strong><\/p><p>Les sites web de KONEXIO BIOTECH, S.L. peuvent modifier cette politique de cookies en raison d\u2019exigences l\u00e9gales, r\u00e9glementaires ou pour l\u2019adapter aux instructions de l\u2019Agence Espagnole de Protection des Donn\u00e9es. Il est donc conseill\u00e9 aux utilisateurs de la consulter r\u00e9guli\u00e8rement.<\/p><p>En cas de modifications significatives, elles seront communiqu\u00e9es aux utilisateurs via le site web ou par email aux utilisateurs enregistr\u00e9s.<\/p>\t\t\t\t\t\t<\/div>\n\t\t\t\t<\/div>\n\t\t\t\t\t<\/div>\n\t\t\t\t<\/div>\n\t\t\t\t<\/div>\n\t\t","protected":false},"excerpt":{"rendered":"<p>Legal Konexio Biotech Politique de Cookies Ce site web utilise des cookies tiers et propri\u00e9taires pour am\u00e9liorer votre exp\u00e9rience de navigation, vous permettre de partager du contenu sur les r\u00e9seaux sociaux et nous permettre d&rsquo;obtenir des statistiques sur les utilisateurs. Vous pouvez emp\u00eacher le t\u00e9l\u00e9chargement des cookies en configurant votre navigateur afin d&rsquo;\u00e9viter leur stockage [&hellip;]<\/p>\n","protected":false},"author":1,"featured_media":0,"parent":0,"menu_order":0,"comment_status":"closed","ping_status":"closed","template":"elementor_header_footer","meta":{"footnotes":""},"class_list":["post-17839","page","type-page","status-publish","hentry"],"_links":{"self":[{"href":"https:\/\/biokteca.com\/fr\/wp-json\/wp\/v2\/pages\/17839","targetHints":{"allow":["GET"]}}],"collection":[{"href":"https:\/\/biokteca.com\/fr\/wp-json\/wp\/v2\/pages"}],"about":[{"href":"https:\/\/biokteca.com\/fr\/wp-json\/wp\/v2\/types\/page"}],"author":[{"embeddable":true,"href":"https:\/\/biokteca.com\/fr\/wp-json\/wp\/v2\/users\/1"}],"replies":[{"embeddable":true,"href":"https:\/\/biokteca.com\/fr\/wp-json\/wp\/v2\/comments?post=17839"}],"version-history":[{"count":4,"href":"https:\/\/biokteca.com\/fr\/wp-json\/wp\/v2\/pages\/17839\/revisions"}],"predecessor-version":[{"id":18087,"href":"https:\/\/biokteca.com\/fr\/wp-json\/wp\/v2\/pages\/17839\/revisions\/18087"}],"wp:attachment":[{"href":"https:\/\/biokteca.com\/fr\/wp-json\/wp\/v2\/media?parent=17839"}],"curies":[{"name":"wp","href":"https:\/\/api.w.org\/{rel}","templated":true}]}}